{"id":2087,"date":"2015-07-06T08:03:27","date_gmt":"2015-07-06T08:03:27","guid":{"rendered":"https:\/\/www.marcfoujols.com\/?page_id=2087"},"modified":"2025-09-30T07:56:40","modified_gmt":"2025-09-30T07:56:40","slug":"marc-foujols-immobilier-de-luxe-paris-france-international","status":"publish","type":"page","link":"https:\/\/www.marcfoujols.com\/en\/","title":{"rendered":"Marc Foujols &#8211; Luxury Real Estate Paris &#8211; France &#8211; International"},"content":{"rendered":"[vc_row type=&#8221;grid&#8221;][vc_column width=&#8221;1\/2&#8243;][vc_column_text]\r\n<div class=\"home-info less-padding\">\r\n<h2 class=\"red-text\">We aim for excellence<\/h2>\r\nIn choosing Marc Foujols International Properties, you will have a personalized, multilingual contact to assist you at all times.\r\n\r\nOur strong points: first-rate expertise of French and international real-estate markets, years of experience in negotiation and discretion.\r\n<div class=\"vc_col-lg-6 vc_col-md-12 vc_col-sm-12 vc_col-xs-12\"><a class=\"btn-readmore\" href=\"\/en\/qui-sommes-nous\/\"> Who are we ?<\/a><\/div>\r\n<div class=\"vc_col-lg-6 vc_col-md-12 vc_col-sm-12 vc_col-xs-12\"><a class=\"btn-readmore btn-search\" href=\"https:\/\/www.marcfoujols.com\/en\/categorie\/recrutement\/\" target=\"_blank\" rel=\"noopener\">Join our team<\/a><\/div>\r\n<\/div>\r\n[\/vc_column_text][\/vc_column][vc_column width=&#8221;1\/2&#8243;]<a href=\"univers\/paris\/\" class=\"img-box mf_image_box mf-table <div class=\"img-box mf_image_box img-box-large\" style=\"background-image: url(https:\/\/www.marcfoujols.com\/wp-content\/uploads\/2018\/06\/av.-Victor-Hugo.jpg); height: 450px\"> <div class=\"bkg-overlay mf-table\"><div class=\"mf-table-cell\"><h3 class=\"all-caps\" >paris<\/h3>\r\n<p class=\"subtitle\">You have access to the greatest assets of Paris in its most beautiful neighborhoods.<\/p>\r\n<p class=\"learn-more\">Learn more about our properties in Paris<\/p>\r\n<\/div><\/div><\/a>[\/vc_column][\/vc_row][vc_row][vc_column][vc_empty_space height=&#8221;22px&#8221; el_class=&#8221;home-separator&#8221;][layerslider_vc id=&#8221;7&#8243; el_class=&#8221;testimonials-container&#8221;][vc_column_text]\r\n<p style=\"text-align: center; margin-top: 54px; font-size: 20px;\">Marc Foujols uses Opinion System to collect certified testimonilas.<\/p>\r\n[\/vc_column_text][vc_raw_html]JTNDaWZyYW1lJTIwc3JjJTNEJTIyaHR0cHMlM0ElMkYlMkZ3d3cub3BpbmlvbnN5c3RlbS5mciUyRmNvbXBhbnlfcmF0aW5nLnBocCUzRmdyb3VwX2lkJTNEMjMwNCUyNnJhdGluZ19rZXklM0QlMjZsYW5ndWFnZSUzRGZyZSUyNnRleHRfY29sb3IlM0QwMDAwMDAlMjIlMjBzY3JvbGxpbmclM0QlMjJubyUyMiUyMGZyYW1lYm9yZGVyJTNEJTIyMCUyMiUyMHN0eWxlJTNEJTIyYm9yZGVyJTNBJTIwbm9uZSUzQiUyMG92ZXJmbG93JTNBJTIwaGlkZGVuJTNCJTIwd2lkdGglM0ElMjAyMTBweCUzQiUyMGhlaWdodCUzQSUyMDIycHglM0IlMjBtYXJnaW4lM0ElMjAyMHB4JTIwYXV0byUzQiUyMGRpc3BsYXklM0ElMjBibG9jayUzQiUyMHBhZGRpbmctbGVmdCUzQSUyMDMwcHglM0IlMjIlMjBhbGxvd1RyYW5zcGFyZW5jeSUzRCUyMnRydWUlMjIlM0UlM0MlMkZpZnJhbWUlM0U=[\/vc_raw_html][vc_empty_space height=&#8221;22px&#8221; el_class=&#8221;home-separator&#8221;][\/vc_column][\/vc_row][vc_row type=&#8221;grid&#8221; el_class=&#8221;region-columns&#8221;][vc_column width=&#8221;1\/3&#8243;]<a href=\"\/international\/\" class=\"img-box mf_image_box mf-table <div class=\"img-box mf_image_box \" style=\"background-image: url(https:\/\/www.marcfoujols.com\/wp-content\/uploads\/2018\/06\/aircraft-723900_1920.jpg); \"> <div class=\"bkg-overlay mf-table\"><div class=\"mf-table-cell\"><h3 class=\"all-caps\" >international<\/h3>\r\n<p class=\"subtitle\">Discover Miami, Marrakech, Mauritius , Dubai, Lisbon&#8230;<\/p>\r\n<p class=\"learn-more\">See the properties<\/p>\r\n<\/div><\/div><\/a>[\/vc_column][vc_column width=&#8221;1\/3&#8243;]<a href=\"\/en\/univers\/oise\/\" class=\"img-box mf_image_box mf-table <div class=\"img-box mf_image_box \" style=\"background-image: url(https:\/\/www.marcfoujols.com\/wp-content\/uploads\/2015\/07\/shoootin-photo-15.jpg); \"> <div class=\"bkg-overlay mf-table\"><div class=\"mf-table-cell\"><h3 class=\"all-caps\" >Chantilly - Senlis <\/h3>\r\n<p class=\"subtitle\">A verdant region in the countryside,<\/p>\r\n<p class=\"subtitle\">just several kilometers from Paris.<\/p>\r\n<p class=\"learn-more\">See the properties<\/p>\r\n<\/div><\/div><\/a>[\/vc_column][vc_column width=&#8221;1\/3&#8243;]<a href=\"\/en\/univers\/demeure-chateau\" class=\"img-box mf_image_box mf-table <div class=\"img-box mf_image_box \" style=\"background-image: url(https:\/\/www.marcfoujols.com\/wp-content\/uploads\/2018\/06\/Blanca-12-09-05-photos-a\u00e9riennes-039.jpg); \"> <div class=\"bkg-overlay mf-table\"><div class=\"mf-table-cell\"><h3 class=\"all-caps\" >Properties &amp; Castles<\/h3>\r\n<p class=\"subtitle\">History, French heritage<\/p>\r\n<p class=\"subtitle\">and traditions<\/p>\r\n<p class=\"learn-more\">See the properties<\/p>\r\n<\/div><\/div><\/a>[\/vc_column][\/vc_row][vc_row type=&#8221;grid&#8221; el_class=&#8221;region-columns&#8221; css=&#8221;.vc_custom_1734097613406{margin-top: 30px !important;}&#8221;][vc_column]<a href=\"univers\/montagne\/\" class=\"img-box mf_image_box mf-table <div class=\"img-box mf_image_box img-box-large\" style=\"background-image: url(https:\/\/www.marcfoujols.com\/wp-content\/uploads\/2024\/12\/mountain-background.webp); height: 350px\"> <div class=\"bkg-overlay mf-table\"><div class=\"mf-table-cell\"><h3 class=\"all-caps\" >Mountains<\/h3>\r\n<p class=\"subtitle\">A different taste of luxury and pleasure<\/p>\r\n<p class=\"learn-more\">Learn more about our mountain properties<\/p>\r\n<\/div><\/div><\/a>[\/vc_column][\/vc_row][vc_row][vc_column][vc_column_text]\r\n\r\n[\/vc_column_text][\/vc_column][\/vc_row]","protected":false},"excerpt":{"rendered":"<p>[vc_row type=&#8221;grid&#8221;][vc_column width=&#8221;1\/2&#8243;][vc_column_text] We aim for excellence In choosing Marc Foujols International Properties, you will have a personalized, multilingual contact to assist you at all times. Our strong points: first-rate expertise of French and international real-estate markets, years of experience in negotiation and discretion. Who&#8230;<\/p>\n","protected":false},"author":3,"featured_media":0,"parent":0,"menu_order":0,"comment_status":"closed","ping_status":"closed","template":"page-home.php","meta":{"footnotes":""},"class_list":["post-2087","page","type-page","status-publish","hentry"],"yoast_head":"<!-- This site is optimized with the Yoast SEO plugin v23.3 - https:\/\/yoast.com\/wordpress\/plugins\/seo\/ -->\n<title>Marc Foujols | Immobilier de Luxe Paris - France - International<\/title>\n<meta name=\"description\" content=\"Marc Foujols est une agence immobili\u00e8re de luxe sp\u00e9cialis\u00e9e depuis 40 ans dans la vente et location de biens prestige \u00e0 Paris, France et \u00e0 l\u2019international.\" \/>\n<meta name=\"robots\" content=\"index, follow, max-snippet:-1, max-image-preview:large, max-video-preview:-1\" \/>\n<link rel=\"canonical\" href=\"https:\/\/www.marcfoujols.com\/\" \/>\n<meta name=\"twitter:card\" content=\"summary_large_image\" \/>\n<meta name=\"twitter:title\" content=\"Marc Foujols | Immobilier de Luxe Paris - France - International\" \/>\n<meta name=\"twitter:description\" content=\"Marc Foujols est une agence immobili\u00e8re de luxe sp\u00e9cialis\u00e9e depuis 40 ans dans la vente et location de biens prestige \u00e0 Paris, France et \u00e0 l\u2019international.\" \/>\n<meta name=\"twitter:label1\" content=\"Est. reading time\" \/>\n\t<meta name=\"twitter:data1\" content=\"2 minutes\" \/>\n<script type=\"application\/ld+json\" class=\"yoast-schema-graph\">{\"@context\":\"https:\/\/schema.org\",\"@graph\":[{\"@type\":\"WebPage\",\"@id\":\"https:\/\/www.marcfoujols.com\/\",\"url\":\"https:\/\/www.marcfoujols.com\/\",\"name\":\"Marc Foujols | Immobilier de Luxe Paris - France - International\",\"isPartOf\":{\"@id\":\"https:\/\/www.marcfoujols.com\/en\/#website\"},\"datePublished\":\"2015-07-06T08:03:27+00:00\",\"dateModified\":\"2025-09-30T07:56:40+00:00\",\"description\":\"Marc Foujols est une agence immobili\u00e8re de luxe sp\u00e9cialis\u00e9e depuis 40 ans dans la vente et location de biens prestige \u00e0 Paris, France et \u00e0 l\u2019international.\",\"breadcrumb\":{\"@id\":\"https:\/\/www.marcfoujols.com\/#breadcrumb\"},\"inLanguage\":\"en-US\",\"potentialAction\":[{\"@type\":\"ReadAction\",\"target\":[\"https:\/\/www.marcfoujols.com\/\"]}]},{\"@type\":\"BreadcrumbList\",\"@id\":\"https:\/\/www.marcfoujols.com\/#breadcrumb\",\"itemListElement\":[{\"@type\":\"ListItem\",\"position\":1,\"name\":\"Home\",\"item\":\"https:\/\/www.marcfoujols.com\/\"},{\"@type\":\"ListItem\",\"position\":2,\"name\":\"Marc Foujols &#8211; Immobilier de Luxe Paris &#8211; France &#8211; International\"}]},{\"@type\":\"WebSite\",\"@id\":\"https:\/\/www.marcfoujols.com\/en\/#website\",\"url\":\"https:\/\/www.marcfoujols.com\/en\/\",\"name\":\"Marc Foujols\",\"description\":\"Marc Foujols\",\"publisher\":{\"@id\":\"https:\/\/www.marcfoujols.com\/en\/#organization\"},\"potentialAction\":[{\"@type\":\"SearchAction\",\"target\":{\"@type\":\"EntryPoint\",\"urlTemplate\":\"https:\/\/www.marcfoujols.com\/en\/?s={search_term_string}\"},\"query-input\":\"required name=search_term_string\"}],\"inLanguage\":\"en-US\"},{\"@type\":\"Organization\",\"@id\":\"https:\/\/www.marcfoujols.com\/en\/#organization\",\"name\":\"Marc Foujols - France luxury real estate - international properties, quality apartments\",\"url\":\"https:\/\/www.marcfoujols.com\/en\/\",\"logo\":{\"@type\":\"ImageObject\",\"inLanguage\":\"en-US\",\"@id\":\"https:\/\/www.marcfoujols.com\/en\/#\/schema\/logo\/image\/\",\"url\":\"https:\/\/www.marcfoujols.com\/wp-content\/uploads\/2015\/09\/Logo_black1.svg\",\"contentUrl\":\"https:\/\/www.marcfoujols.com\/wp-content\/uploads\/2015\/09\/Logo_black1.svg\",\"width\":1,\"height\":1,\"caption\":\"Marc Foujols - France luxury real estate - international properties, quality apartments\"},\"image\":{\"@id\":\"https:\/\/www.marcfoujols.com\/en\/#\/schema\/logo\/image\/\"}}]}<\/script>\n<!-- \/ Yoast SEO plugin. -->","yoast_head_json":{"title":"Marc Foujols | Immobilier de Luxe Paris - France - International","description":"Marc Foujols est une agence immobili\u00e8re de luxe sp\u00e9cialis\u00e9e depuis 40 ans dans la vente et location de biens prestige \u00e0 Paris, France et \u00e0 l\u2019international.","robots":{"index":"index","follow":"follow","max-snippet":"max-snippet:-1","max-image-preview":"max-image-preview:large","max-video-preview":"max-video-preview:-1"},"canonical":"https:\/\/www.marcfoujols.com\/","twitter_card":"summary_large_image","twitter_title":"Marc Foujols | Immobilier de Luxe Paris - France - International","twitter_description":"Marc Foujols est une agence immobili\u00e8re de luxe sp\u00e9cialis\u00e9e depuis 40 ans dans la vente et location de biens prestige \u00e0 Paris, France et \u00e0 l\u2019international.","twitter_misc":{"Est. reading time":"2 minutes"},"schema":{"@context":"https:\/\/schema.org","@graph":[{"@type":"WebPage","@id":"https:\/\/www.marcfoujols.com\/","url":"https:\/\/www.marcfoujols.com\/","name":"Marc Foujols | Immobilier de Luxe Paris - France - International","isPartOf":{"@id":"https:\/\/www.marcfoujols.com\/en\/#website"},"datePublished":"2015-07-06T08:03:27+00:00","dateModified":"2025-09-30T07:56:40+00:00","description":"Marc Foujols est une agence immobili\u00e8re de luxe sp\u00e9cialis\u00e9e depuis 40 ans dans la vente et location de biens prestige \u00e0 Paris, France et \u00e0 l\u2019international.","breadcrumb":{"@id":"https:\/\/www.marcfoujols.com\/#breadcrumb"},"inLanguage":"en-US","potentialAction":[{"@type":"ReadAction","target":["https:\/\/www.marcfoujols.com\/"]}]},{"@type":"BreadcrumbList","@id":"https:\/\/www.marcfoujols.com\/#breadcrumb","itemListElement":[{"@type":"ListItem","position":1,"name":"Home","item":"https:\/\/www.marcfoujols.com\/"},{"@type":"ListItem","position":2,"name":"Marc Foujols &#8211; Immobilier de Luxe Paris &#8211; France &#8211; International"}]},{"@type":"WebSite","@id":"https:\/\/www.marcfoujols.com\/en\/#website","url":"https:\/\/www.marcfoujols.com\/en\/","name":"Marc Foujols","description":"Marc Foujols","publisher":{"@id":"https:\/\/www.marcfoujols.com\/en\/#organization"},"potentialAction":[{"@type":"SearchAction","target":{"@type":"EntryPoint","urlTemplate":"https:\/\/www.marcfoujols.com\/en\/?s={search_term_string}"},"query-input":"required name=search_term_string"}],"inLanguage":"en-US"},{"@type":"Organization","@id":"https:\/\/www.marcfoujols.com\/en\/#organization","name":"Marc Foujols - France luxury real estate - international properties, quality apartments","url":"https:\/\/www.marcfoujols.com\/en\/","logo":{"@type":"ImageObject","inLanguage":"en-US","@id":"https:\/\/www.marcfoujols.com\/en\/#\/schema\/logo\/image\/","url":"https:\/\/www.marcfoujols.com\/wp-content\/uploads\/2015\/09\/Logo_black1.svg","contentUrl":"https:\/\/www.marcfoujols.com\/wp-content\/uploads\/2015\/09\/Logo_black1.svg","width":1,"height":1,"caption":"Marc Foujols - France luxury real estate - international properties, quality apartments"},"image":{"@id":"https:\/\/www.marcfoujols.com\/en\/#\/schema\/logo\/image\/"}}]}},"_links":{"self":[{"href":"https:\/\/www.marcfoujols.com\/en\/wp-json\/wp\/v2\/pages\/2087"}],"collection":[{"href":"https:\/\/www.marcfoujols.com\/en\/wp-json\/wp\/v2\/pages"}],"about":[{"href":"https:\/\/www.marcfoujols.com\/en\/wp-json\/wp\/v2\/types\/page"}],"author":[{"embeddable":true,"href":"https:\/\/www.marcfoujols.com\/en\/wp-json\/wp\/v2\/users\/3"}],"replies":[{"embeddable":true,"href":"https:\/\/www.marcfoujols.com\/en\/wp-json\/wp\/v2\/comments?post=2087"}],"version-history":[{"count":0,"href":"https:\/\/www.marcfoujols.com\/en\/wp-json\/wp\/v2\/pages\/2087\/revisions"}],"wp:attachment":[{"href":"https:\/\/www.marcfoujols.com\/en\/wp-json\/wp\/v2\/media?parent=2087"}],"curies":[{"name":"wp","href":"https:\/\/api.w.org\/{rel}","templated":true}]}}