{"id":3554596,"date":"2016-09-07T15:52:38","date_gmt":"2016-09-07T15:52:38","guid":{"rendered":"https:\/\/www.marcfoujols.com\/?page_id=3554596"},"modified":"2023-12-07T09:21:05","modified_gmt":"2023-12-07T09:21:05","slug":"recherche-location","status":"publish","type":"page","link":"https:\/\/www.marcfoujols.com\/en\/recherche-location\/","title":{"rendered":"Search Rent"},"content":{"rendered":"[vc_row el_class=&#8221;about_us_page&#8221;][vc_column width=&#8221;1\/3&#8243;]<div class=\"agent\"><div class=\"about_us_page\"><div class=\"agent-img-wrapper\"><div class=\"agent-img\" style=\"background:url(https:\/\/www.marcfoujols.com\/wp-content\/uploads\/2022\/07\/Candice-1-1.jpg) no-repeat 50% 50%\"><\/div><h5>Candice PETARD<\/h5>Rental consultant in Paris<\/div><\/div><\/div>[\/vc_column][vc_column width=&#8221;1\/3&#8243;]<div class=\"agent\"><div class=\"about_us_page\"><div class=\"agent-img-wrapper\"><div class=\"agent-img\" style=\"background:url(https:\/\/www.marcfoujols.com\/wp-content\/uploads\/2022\/07\/LEMAIRE-1-1.png) no-repeat 50% 50%\"><\/div><h5>Odile LEMAIRE<\/h5>Rental consultant in Senlis<\/div><\/div><\/div>[\/vc_column][vc_column width=&#8221;1\/3&#8243;]<div class=\"agent\"><div class=\"about_us_page\"><div class=\"agent-img-wrapper\"><div class=\"agent-img\" style=\"background:url(https:\/\/www.marcfoujols.com\/wp-content\/uploads\/2022\/07\/PIZZUTO-1-1.png) no-repeat 50% 50%\"><\/div><h5>Marie PIZZUTO<\/h5>Rental consultant in Chantilly<\/div><\/div><\/div>[\/vc_column][\/vc_row]","protected":false},"excerpt":{"rendered":"<p>[vc_row el_class=&#8221;about_us_page&#8221;][vc_column width=&#8221;1\/3&#8243;][\/vc_column][vc_column width=&#8221;1\/3&#8243;][\/vc_column][vc_column width=&#8221;1\/3&#8243;][\/vc_column][\/vc_row]<\/p>\n","protected":false},"author":3,"featured_media":0,"parent":0,"menu_order":0,"comment_status":"open","ping_status":"open","template":"page-mf-search-rent.php","meta":{"footnotes":""},"class_list":["post-3554596","page","type-page","status-publish","hentry"],"yoast_head":"<!-- This site is optimized with the Yoast SEO plugin v23.3 - https:\/\/yoast.com\/wordpress\/plugins\/seo\/ -->\n<title>Location immobili\u00e8re Paris et alentours | Marc Foujols<\/title>\n<meta name=\"description\" content=\"Sp\u00e9cialiste de l&#039;immobilier de luxe Paris, nous vous proposons des appartements et maisons \u00e0 la location. D\u00e9couvrez nos biens prestige.\" \/>\n<meta name=\"robots\" content=\"index, follow, max-snippet:-1, max-image-preview:large, max-video-preview:-1\" \/>\n<link rel=\"canonical\" href=\"https:\/\/www.marcfoujols.com\/recherche-location\/\" \/>\n<meta name=\"twitter:card\" content=\"summary_large_image\" \/>\n<meta name=\"twitter:title\" content=\"Location immobili\u00e8re Paris et alentours | Marc Foujols\" \/>\n<meta name=\"twitter:description\" content=\"Sp\u00e9cialiste de l&#039;immobilier de luxe Paris, nous vous proposons des appartements et maisons \u00e0 la location. D\u00e9couvrez nos biens prestige.\" \/>\n<script type=\"application\/ld+json\" class=\"yoast-schema-graph\">{\"@context\":\"https:\/\/schema.org\",\"@graph\":[{\"@type\":\"WebPage\",\"@id\":\"https:\/\/www.marcfoujols.com\/recherche-location\/\",\"url\":\"https:\/\/www.marcfoujols.com\/recherche-location\/\",\"name\":\"Location immobili\u00e8re Paris et alentours | Marc Foujols\",\"isPartOf\":{\"@id\":\"https:\/\/www.marcfoujols.com\/en\/#website\"},\"datePublished\":\"2016-09-07T15:52:38+00:00\",\"dateModified\":\"2023-12-07T09:21:05+00:00\",\"description\":\"Sp\u00e9cialiste de l'immobilier de luxe Paris, nous vous proposons des appartements et maisons \u00e0 la location. D\u00e9couvrez nos biens prestige.\",\"breadcrumb\":{\"@id\":\"https:\/\/www.marcfoujols.com\/recherche-location\/#breadcrumb\"},\"inLanguage\":\"en-US\",\"potentialAction\":[{\"@type\":\"ReadAction\",\"target\":[\"https:\/\/www.marcfoujols.com\/recherche-location\/\"]}]},{\"@type\":\"BreadcrumbList\",\"@id\":\"https:\/\/www.marcfoujols.com\/recherche-location\/#breadcrumb\",\"itemListElement\":[{\"@type\":\"ListItem\",\"position\":1,\"name\":\"Home\",\"item\":\"https:\/\/www.marcfoujols.com\/\"},{\"@type\":\"ListItem\",\"position\":2,\"name\":\"Search Rent\"}]},{\"@type\":\"WebSite\",\"@id\":\"https:\/\/www.marcfoujols.com\/en\/#website\",\"url\":\"https:\/\/www.marcfoujols.com\/en\/\",\"name\":\"Marc Foujols\",\"description\":\"Marc Foujols\",\"publisher\":{\"@id\":\"https:\/\/www.marcfoujols.com\/en\/#organization\"},\"potentialAction\":[{\"@type\":\"SearchAction\",\"target\":{\"@type\":\"EntryPoint\",\"urlTemplate\":\"https:\/\/www.marcfoujols.com\/en\/?s={search_term_string}\"},\"query-input\":\"required name=search_term_string\"}],\"inLanguage\":\"en-US\"},{\"@type\":\"Organization\",\"@id\":\"https:\/\/www.marcfoujols.com\/en\/#organization\",\"name\":\"Marc Foujols - France luxury real estate - international properties, quality apartments\",\"url\":\"https:\/\/www.marcfoujols.com\/en\/\",\"logo\":{\"@type\":\"ImageObject\",\"inLanguage\":\"en-US\",\"@id\":\"https:\/\/www.marcfoujols.com\/en\/#\/schema\/logo\/image\/\",\"url\":\"https:\/\/www.marcfoujols.com\/wp-content\/uploads\/2015\/09\/Logo_black1.svg\",\"contentUrl\":\"https:\/\/www.marcfoujols.com\/wp-content\/uploads\/2015\/09\/Logo_black1.svg\",\"width\":1,\"height\":1,\"caption\":\"Marc Foujols - France luxury real estate - international properties, quality apartments\"},\"image\":{\"@id\":\"https:\/\/www.marcfoujols.com\/en\/#\/schema\/logo\/image\/\"}}]}<\/script>\n<!-- \/ Yoast SEO plugin. -->","yoast_head_json":{"title":"Location immobili\u00e8re Paris et alentours | Marc Foujols","description":"Sp\u00e9cialiste de l'immobilier de luxe Paris, nous vous proposons des appartements et maisons \u00e0 la location. D\u00e9couvrez nos biens prestige.","robots":{"index":"index","follow":"follow","max-snippet":"max-snippet:-1","max-image-preview":"max-image-preview:large","max-video-preview":"max-video-preview:-1"},"canonical":"https:\/\/www.marcfoujols.com\/recherche-location\/","twitter_card":"summary_large_image","twitter_title":"Location immobili\u00e8re Paris et alentours | Marc Foujols","twitter_description":"Sp\u00e9cialiste de l'immobilier de luxe Paris, nous vous proposons des appartements et maisons \u00e0 la location. D\u00e9couvrez nos biens prestige.","schema":{"@context":"https:\/\/schema.org","@graph":[{"@type":"WebPage","@id":"https:\/\/www.marcfoujols.com\/recherche-location\/","url":"https:\/\/www.marcfoujols.com\/recherche-location\/","name":"Location immobili\u00e8re Paris et alentours | Marc Foujols","isPartOf":{"@id":"https:\/\/www.marcfoujols.com\/en\/#website"},"datePublished":"2016-09-07T15:52:38+00:00","dateModified":"2023-12-07T09:21:05+00:00","description":"Sp\u00e9cialiste de l'immobilier de luxe Paris, nous vous proposons des appartements et maisons \u00e0 la location. D\u00e9couvrez nos biens prestige.","breadcrumb":{"@id":"https:\/\/www.marcfoujols.com\/recherche-location\/#breadcrumb"},"inLanguage":"en-US","potentialAction":[{"@type":"ReadAction","target":["https:\/\/www.marcfoujols.com\/recherche-location\/"]}]},{"@type":"BreadcrumbList","@id":"https:\/\/www.marcfoujols.com\/recherche-location\/#breadcrumb","itemListElement":[{"@type":"ListItem","position":1,"name":"Home","item":"https:\/\/www.marcfoujols.com\/"},{"@type":"ListItem","position":2,"name":"Search Rent"}]},{"@type":"WebSite","@id":"https:\/\/www.marcfoujols.com\/en\/#website","url":"https:\/\/www.marcfoujols.com\/en\/","name":"Marc Foujols","description":"Marc Foujols","publisher":{"@id":"https:\/\/www.marcfoujols.com\/en\/#organization"},"potentialAction":[{"@type":"SearchAction","target":{"@type":"EntryPoint","urlTemplate":"https:\/\/www.marcfoujols.com\/en\/?s={search_term_string}"},"query-input":"required name=search_term_string"}],"inLanguage":"en-US"},{"@type":"Organization","@id":"https:\/\/www.marcfoujols.com\/en\/#organization","name":"Marc Foujols - France luxury real estate - international properties, quality apartments","url":"https:\/\/www.marcfoujols.com\/en\/","logo":{"@type":"ImageObject","inLanguage":"en-US","@id":"https:\/\/www.marcfoujols.com\/en\/#\/schema\/logo\/image\/","url":"https:\/\/www.marcfoujols.com\/wp-content\/uploads\/2015\/09\/Logo_black1.svg","contentUrl":"https:\/\/www.marcfoujols.com\/wp-content\/uploads\/2015\/09\/Logo_black1.svg","width":1,"height":1,"caption":"Marc Foujols - France luxury real estate - international properties, quality apartments"},"image":{"@id":"https:\/\/www.marcfoujols.com\/en\/#\/schema\/logo\/image\/"}}]}},"_links":{"self":[{"href":"https:\/\/www.marcfoujols.com\/en\/wp-json\/wp\/v2\/pages\/3554596"}],"collection":[{"href":"https:\/\/www.marcfoujols.com\/en\/wp-json\/wp\/v2\/pages"}],"about":[{"href":"https:\/\/www.marcfoujols.com\/en\/wp-json\/wp\/v2\/types\/page"}],"author":[{"embeddable":true,"href":"https:\/\/www.marcfoujols.com\/en\/wp-json\/wp\/v2\/users\/3"}],"replies":[{"embeddable":true,"href":"https:\/\/www.marcfoujols.com\/en\/wp-json\/wp\/v2\/comments?post=3554596"}],"version-history":[{"count":0,"href":"https:\/\/www.marcfoujols.com\/en\/wp-json\/wp\/v2\/pages\/3554596\/revisions"}],"wp:attachment":[{"href":"https:\/\/www.marcfoujols.com\/en\/wp-json\/wp\/v2\/media?parent=3554596"}],"curies":[{"name":"wp","href":"https:\/\/api.w.org\/{rel}","templated":true}]}}