{"id":70773,"date":"2015-09-01T13:56:51","date_gmt":"2015-09-01T13:56:51","guid":{"rendered":"https:\/\/www.marcfoujols.com\/?page_id=70773"},"modified":"2022-05-24T08:33:54","modified_gmt":"2022-05-24T08:33:54","slug":"lifestyle","status":"publish","type":"page","link":"https:\/\/www.marcfoujols.com\/en\/lifestyle\/","title":{"rendered":"Lifestyle"},"content":{"rendered":"[vc_row][vc_column][vc_column_text]\r\n\r\n<hgroup class=\"mf-cat-title\">\r\n<h2>Our clients\u2019 passions are a source of inspiration when we search for real estate goods.<\/h2>\r\n<h5>We guarantee that you will find an offer that suits your lifestyle.<\/h5>\r\n<\/hgroup>[\/vc_column_text][\/vc_column][\/vc_row][vc_row type=&#8221;grid&#8221;][vc_column width=&#8221;1\/3&#8243;]<a href=\"\/en\/univers\/golf\/\" class=\"img-box mf_image_box mf-table <div class=\"img-box mf_image_box \" style=\"background-image: url(https:\/\/www.marcfoujols.com\/wp-content\/uploads\/2015\/07\/2_golf.jpg); \"> <div class=\"bkg-overlay mf-table\"><div class=\"mf-table-cell\"><h3 class=\"all-caps\" >Golfing<\/h3><\/div><\/div><\/a>[\/vc_column][vc_column width=&#8221;1\/3&#8243;]<a href=\"\/en\/univers\/mer\/\" class=\"img-box mf_image_box mf-table <div class=\"img-box mf_image_box \" style=\"background-image: url(https:\/\/www.marcfoujols.com\/wp-content\/uploads\/2015\/07\/2_mer.jpg); \"> <div class=\"bkg-overlay mf-table\"><div class=\"mf-table-cell\"><h3 class=\"all-caps\" >Waterfront<\/h3><\/div><\/div><\/a>[\/vc_column][vc_column width=&#8221;1\/3&#8243;]<a href=\"\/en\/univers\/montagne\/\" class=\"img-box mf_image_box mf-table <div class=\"img-box mf_image_box \" style=\"background-image: url(https:\/\/www.marcfoujols.com\/wp-content\/uploads\/2015\/07\/2_mountain.jpg); \"> <div class=\"bkg-overlay mf-table\"><div class=\"mf-table-cell\"><h3 class=\"all-caps\" >Mountains<\/h3><\/div><\/div><\/a>[\/vc_column][\/vc_row][vc_row type=&#8221;grid&#8221; padding_top=&#8221;30&#8243;][vc_column width=&#8221;1\/3&#8243;]<a href=\"\/en\/univers\/equitation\/\" class=\"img-box mf_image_box mf-table <div class=\"img-box mf_image_box \" style=\"background-image: url(https:\/\/www.marcfoujols.com\/wp-content\/uploads\/2018\/06\/3_equitation-min.jpg); \"> <div class=\"bkg-overlay mf-table\"><div class=\"mf-table-cell\"><h3 class=\"all-caps\" >Equestrian<\/h3><\/div><\/div><\/a>[\/vc_column][vc_column width=&#8221;1\/3&#8243;][\/vc_column][vc_column width=&#8221;1\/3&#8243;][\/vc_column][\/vc_row]","protected":false},"excerpt":{"rendered":"<p>[vc_row][vc_column][vc_column_text] Our clients\u2019 passions are a source of inspiration when we search for real estate goods. We guarantee that you will find an offer that suits your lifestyle. [\/vc_column_text][\/vc_column][\/vc_row][vc_row type=&#8221;grid&#8221;][vc_column width=&#8221;1\/3&#8243;][\/vc_column][vc_column width=&#8221;1\/3&#8243;][\/vc_column][vc_column width=&#8221;1\/3&#8243;][\/vc_column][\/vc_row][vc_row type=&#8221;grid&#8221; padding_top=&#8221;30&#8243;][vc_column width=&#8221;1\/3&#8243;][\/vc_column][vc_column width=&#8221;1\/3&#8243;][\/vc_column][vc_column width=&#8221;1\/3&#8243;][\/vc_column][\/vc_row]<\/p>\n","protected":false},"author":3,"featured_media":0,"parent":0,"menu_order":0,"comment_status":"open","ping_status":"open","template":"page-mf-category.php","meta":{"footnotes":""},"class_list":["post-70773","page","type-page","status-publish","hentry"],"yoast_head":"<!-- This site is optimized with the Yoast SEO plugin v23.3 - https:\/\/yoast.com\/wordpress\/plugins\/seo\/ -->\n<title>Lifestyle | Immobilier de Luxe | Marc Foujols<\/title>\n<meta name=\"description\" content=\"Vos passions nous int\u00e9ressent, nos offres immobil\u00e8res prestige vous int\u00e9resseront aussi : \u00e9quitation, golf, Alpes...\" \/>\n<meta name=\"robots\" content=\"index, follow, max-snippet:-1, max-image-preview:large, max-video-preview:-1\" \/>\n<link rel=\"canonical\" href=\"https:\/\/www.marcfoujols.com\/lifestyle\/\" \/>\n<meta name=\"twitter:card\" content=\"summary_large_image\" \/>\n<meta name=\"twitter:title\" content=\"Lifestyle | Immobilier de Luxe | Marc Foujols\" \/>\n<meta name=\"twitter:description\" content=\"Vos passions nous int\u00e9ressent, nos offres immobil\u00e8res prestige vous int\u00e9resseront aussi : \u00e9quitation, golf, Alpes...\" \/>\n<meta name=\"twitter:label1\" content=\"Est. reading time\" \/>\n\t<meta name=\"twitter:data1\" content=\"1 minute\" \/>\n<script type=\"application\/ld+json\" class=\"yoast-schema-graph\">{\"@context\":\"https:\/\/schema.org\",\"@graph\":[{\"@type\":\"WebPage\",\"@id\":\"https:\/\/www.marcfoujols.com\/lifestyle\/\",\"url\":\"https:\/\/www.marcfoujols.com\/lifestyle\/\",\"name\":\"Lifestyle | Immobilier de Luxe | Marc Foujols\",\"isPartOf\":{\"@id\":\"https:\/\/www.marcfoujols.com\/en\/#website\"},\"datePublished\":\"2015-09-01T13:56:51+00:00\",\"dateModified\":\"2022-05-24T08:33:54+00:00\",\"description\":\"Vos passions nous int\u00e9ressent, nos offres immobil\u00e8res prestige vous int\u00e9resseront aussi : \u00e9quitation, golf, Alpes...\",\"breadcrumb\":{\"@id\":\"https:\/\/www.marcfoujols.com\/lifestyle\/#breadcrumb\"},\"inLanguage\":\"en-US\",\"potentialAction\":[{\"@type\":\"ReadAction\",\"target\":[\"https:\/\/www.marcfoujols.com\/lifestyle\/\"]}]},{\"@type\":\"BreadcrumbList\",\"@id\":\"https:\/\/www.marcfoujols.com\/lifestyle\/#breadcrumb\",\"itemListElement\":[{\"@type\":\"ListItem\",\"position\":1,\"name\":\"Home\",\"item\":\"https:\/\/www.marcfoujols.com\/\"},{\"@type\":\"ListItem\",\"position\":2,\"name\":\"Lifestyle et Immobilier de Luxe\"}]},{\"@type\":\"WebSite\",\"@id\":\"https:\/\/www.marcfoujols.com\/en\/#website\",\"url\":\"https:\/\/www.marcfoujols.com\/en\/\",\"name\":\"Marc Foujols\",\"description\":\"Marc Foujols\",\"publisher\":{\"@id\":\"https:\/\/www.marcfoujols.com\/en\/#organization\"},\"potentialAction\":[{\"@type\":\"SearchAction\",\"target\":{\"@type\":\"EntryPoint\",\"urlTemplate\":\"https:\/\/www.marcfoujols.com\/en\/?s={search_term_string}\"},\"query-input\":\"required name=search_term_string\"}],\"inLanguage\":\"en-US\"},{\"@type\":\"Organization\",\"@id\":\"https:\/\/www.marcfoujols.com\/en\/#organization\",\"name\":\"Marc Foujols - France luxury real estate - international properties, quality apartments\",\"url\":\"https:\/\/www.marcfoujols.com\/en\/\",\"logo\":{\"@type\":\"ImageObject\",\"inLanguage\":\"en-US\",\"@id\":\"https:\/\/www.marcfoujols.com\/en\/#\/schema\/logo\/image\/\",\"url\":\"https:\/\/www.marcfoujols.com\/wp-content\/uploads\/2015\/09\/Logo_black1.svg\",\"contentUrl\":\"https:\/\/www.marcfoujols.com\/wp-content\/uploads\/2015\/09\/Logo_black1.svg\",\"width\":1,\"height\":1,\"caption\":\"Marc Foujols - France luxury real estate - international properties, quality apartments\"},\"image\":{\"@id\":\"https:\/\/www.marcfoujols.com\/en\/#\/schema\/logo\/image\/\"}}]}<\/script>\n<!-- \/ Yoast SEO plugin. -->","yoast_head_json":{"title":"Lifestyle | Immobilier de Luxe | Marc Foujols","description":"Vos passions nous int\u00e9ressent, nos offres immobil\u00e8res prestige vous int\u00e9resseront aussi : \u00e9quitation, golf, Alpes...","robots":{"index":"index","follow":"follow","max-snippet":"max-snippet:-1","max-image-preview":"max-image-preview:large","max-video-preview":"max-video-preview:-1"},"canonical":"https:\/\/www.marcfoujols.com\/lifestyle\/","twitter_card":"summary_large_image","twitter_title":"Lifestyle | Immobilier de Luxe | Marc Foujols","twitter_description":"Vos passions nous int\u00e9ressent, nos offres immobil\u00e8res prestige vous int\u00e9resseront aussi : \u00e9quitation, golf, Alpes...","twitter_misc":{"Est. reading time":"1 minute"},"schema":{"@context":"https:\/\/schema.org","@graph":[{"@type":"WebPage","@id":"https:\/\/www.marcfoujols.com\/lifestyle\/","url":"https:\/\/www.marcfoujols.com\/lifestyle\/","name":"Lifestyle | Immobilier de Luxe | Marc Foujols","isPartOf":{"@id":"https:\/\/www.marcfoujols.com\/en\/#website"},"datePublished":"2015-09-01T13:56:51+00:00","dateModified":"2022-05-24T08:33:54+00:00","description":"Vos passions nous int\u00e9ressent, nos offres immobil\u00e8res prestige vous int\u00e9resseront aussi : \u00e9quitation, golf, Alpes...","breadcrumb":{"@id":"https:\/\/www.marcfoujols.com\/lifestyle\/#breadcrumb"},"inLanguage":"en-US","potentialAction":[{"@type":"ReadAction","target":["https:\/\/www.marcfoujols.com\/lifestyle\/"]}]},{"@type":"BreadcrumbList","@id":"https:\/\/www.marcfoujols.com\/lifestyle\/#breadcrumb","itemListElement":[{"@type":"ListItem","position":1,"name":"Home","item":"https:\/\/www.marcfoujols.com\/"},{"@type":"ListItem","position":2,"name":"Lifestyle et Immobilier de Luxe"}]},{"@type":"WebSite","@id":"https:\/\/www.marcfoujols.com\/en\/#website","url":"https:\/\/www.marcfoujols.com\/en\/","name":"Marc Foujols","description":"Marc Foujols","publisher":{"@id":"https:\/\/www.marcfoujols.com\/en\/#organization"},"potentialAction":[{"@type":"SearchAction","target":{"@type":"EntryPoint","urlTemplate":"https:\/\/www.marcfoujols.com\/en\/?s={search_term_string}"},"query-input":"required name=search_term_string"}],"inLanguage":"en-US"},{"@type":"Organization","@id":"https:\/\/www.marcfoujols.com\/en\/#organization","name":"Marc Foujols - France luxury real estate - international properties, quality apartments","url":"https:\/\/www.marcfoujols.com\/en\/","logo":{"@type":"ImageObject","inLanguage":"en-US","@id":"https:\/\/www.marcfoujols.com\/en\/#\/schema\/logo\/image\/","url":"https:\/\/www.marcfoujols.com\/wp-content\/uploads\/2015\/09\/Logo_black1.svg","contentUrl":"https:\/\/www.marcfoujols.com\/wp-content\/uploads\/2015\/09\/Logo_black1.svg","width":1,"height":1,"caption":"Marc Foujols - France luxury real estate - international properties, quality apartments"},"image":{"@id":"https:\/\/www.marcfoujols.com\/en\/#\/schema\/logo\/image\/"}}]}},"_links":{"self":[{"href":"https:\/\/www.marcfoujols.com\/en\/wp-json\/wp\/v2\/pages\/70773"}],"collection":[{"href":"https:\/\/www.marcfoujols.com\/en\/wp-json\/wp\/v2\/pages"}],"about":[{"href":"https:\/\/www.marcfoujols.com\/en\/wp-json\/wp\/v2\/types\/page"}],"author":[{"embeddable":true,"href":"https:\/\/www.marcfoujols.com\/en\/wp-json\/wp\/v2\/users\/3"}],"replies":[{"embeddable":true,"href":"https:\/\/www.marcfoujols.com\/en\/wp-json\/wp\/v2\/comments?post=70773"}],"version-history":[{"count":0,"href":"https:\/\/www.marcfoujols.com\/en\/wp-json\/wp\/v2\/pages\/70773\/revisions"}],"wp:attachment":[{"href":"https:\/\/www.marcfoujols.com\/en\/wp-json\/wp\/v2\/media?parent=70773"}],"curies":[{"name":"wp","href":"https:\/\/api.w.org\/{rel}","templated":true}]}}